{"id":69,"date":"2025-02-11T14:26:32","date_gmt":"2025-02-11T14:26:32","guid":{"rendered":"https:\/\/mesdames-restaurant-lunion.fr\/?page_id=69"},"modified":"2025-02-26T15:56:31","modified_gmt":"2025-02-26T15:56:31","slug":"reservation-restaurant-lunion","status":"publish","type":"page","link":"https:\/\/mesdames-restaurant-lunion.fr\/en\/reservation-restaurant-lunion\/","title":{"rendered":"Contact"},"content":{"rendered":"<div data-elementor-type=\"wp-page\" data-elementor-id=\"69\" class=\"elementor elementor-69\">\n\t\t\t\t<div class=\"elementor-element elementor-element-f338f2e e-con-full e-flex e-con e-parent\" data-id=\"f338f2e\" data-element_type=\"container\" data-e-type=\"container\" data-settings=\"{&quot;background_background&quot;:&quot;classic&quot;}\">\n\t\t\t\t<div class=\"elementor-element elementor-element-76ea948 elementor-widget elementor-widget-heading\" data-id=\"76ea948\" data-element_type=\"widget\" data-e-type=\"widget\" data-widget_type=\"heading.default\">\n\t\t\t\t\t<h1 class=\"elementor-heading-title elementor-size-default\">Contact<\/h1>\t\t\t\t<\/div>\n\t\t\t\t<\/div>\n\t\t<div class=\"elementor-element elementor-element-570a4ea e-con-full e-flex e-con e-parent\" data-id=\"570a4ea\" data-element_type=\"container\" data-e-type=\"container\">\n\t\t<div class=\"elementor-element elementor-element-a09db7c e-con-full e-flex e-con e-child\" data-id=\"a09db7c\" data-element_type=\"container\" data-e-type=\"container\">\n\t\t\t\t<div class=\"elementor-element elementor-element-9ba7d3e elementor-widget elementor-widget-google_maps\" data-id=\"9ba7d3e\" data-element_type=\"widget\" data-e-type=\"widget\" data-widget_type=\"google_maps.default\">\n\t\t\t\t\t\t\t<div class=\"elementor-custom-embed\">\n\t\t\t<iframe loading=\"lazy\"\n\t\t\t\t\tsrc=\"https:\/\/maps.google.com\/maps?q=Mesdames%2C%2029%20Rte%20de%20Lavaur%2C%2031240%20L%27Union&#038;t=m&#038;z=12&#038;output=embed&#038;iwloc=near\"\n\t\t\t\t\ttitle=\"Mesdames, 29 Rte de Lavaur, 31240 L&#039;Union\"\n\t\t\t\t\taria-label=\"Mesdames, 29 Rte de Lavaur, 31240 L&#039;Union\"\n\t\t\t><\/iframe>\n\t\t<\/div>\n\t\t\t\t\t\t<\/div>\n\t\t\t\t<\/div>\n\t\t<div class=\"elementor-element elementor-element-1c1685d e-con-full e-flex e-con e-child\" data-id=\"1c1685d\" data-element_type=\"container\" data-e-type=\"container\" data-settings=\"{&quot;background_background&quot;:&quot;classic&quot;}\">\n\t\t<div class=\"elementor-element elementor-element-881917f e-con-full e-flex e-con e-child\" data-id=\"881917f\" data-element_type=\"container\" data-e-type=\"container\">\n\t\t\t\t<div class=\"elementor-element elementor-element-2aa3bda elementor-widget elementor-widget-heading\" data-id=\"2aa3bda\" data-element_type=\"widget\" data-e-type=\"widget\" data-widget_type=\"heading.default\">\n\t\t\t\t\t<h2 class=\"elementor-heading-title elementor-size-default\">Contact Us<\/h2>\t\t\t\t<\/div>\n\t\t\t\t<div class=\"elementor-element elementor-element-d388755 elementor-widget elementor-widget-text-editor\" data-id=\"d388755\" data-element_type=\"widget\" data-e-type=\"widget\" data-widget_type=\"text-editor.default\">\n\t\t\t\t\t\t\t\t\t<p>For your reservation, call us directly. We are here to assist you with any questions or special requests.<\/p>\t\t\t\t\t\t\t\t<\/div>\n\t\t\t\t<\/div>\n\t\t<div class=\"elementor-element elementor-element-a6c6e47 e-con-full e-flex e-con e-child\" data-id=\"a6c6e47\" data-element_type=\"container\" data-e-type=\"container\" data-settings=\"{&quot;background_background&quot;:&quot;classic&quot;}\">\n\t\t\t\t<div class=\"elementor-element elementor-element-8f995e0 elementor-view-default elementor-widget elementor-widget-icon\" data-id=\"8f995e0\" data-element_type=\"widget\" data-e-type=\"widget\" data-widget_type=\"icon.default\">\n\t\t\t\t\t\t\t<div class=\"elementor-icon-wrapper\">\n\t\t\t<div class=\"elementor-icon\">\n\t\t\t<svg xmlns=\"http:\/\/www.w3.org\/2000\/svg\" width=\"42\" height=\"68\" viewbox=\"0 0 42 68\" fill=\"none\"><g clip-path=\"url(#clip0_119_1501)\"><path d=\"M6.42692 67.9648C3.10086 67.9648 0.398438 65.1434 0.398438 61.3815V6.83339C0.398438 3.07145 3.10086 0.25 6.42692 0.25H35.53C38.856 0.25 41.5584 3.07145 41.5584 6.83339V61.3815C41.5584 64.9083 38.856 67.9648 35.53 67.9648H6.42692ZM18.4839 58.3249C17.0287 58.3249 15.7815 59.7356 15.7815 61.3815C15.7815 63.0273 17.0287 64.438 18.4839 64.438H23.6809C25.136 64.438 26.3833 63.0273 26.3833 61.3815C26.3833 59.7356 25.136 58.3249 23.6809 58.3249H18.4839ZM6.84268 56.679H35.3221C37.4009 56.679 39.0639 54.7981 39.0639 52.4469V6.83339C39.0639 4.48218 37.4009 2.60121 35.3221 2.60121H6.84268C4.76389 2.60121 3.10086 4.48218 3.10086 6.83339V52.4469C3.10086 54.7981 4.76389 56.679 6.84268 56.679Z\" fill=\"#EEEEEE\"><\/path><\/g><defs><clippath id=\"clip0_119_1501\"><rect width=\"41.16\" height=\"67.7148\" fill=\"white\" transform=\"translate(0.398438 0.25)\"><\/rect><\/clippath><\/defs><\/svg>\t\t\t<\/div>\n\t\t<\/div>\n\t\t\t\t\t\t<\/div>\n\t\t\t\t<div class=\"elementor-element elementor-element-b3a583a elementor-widget elementor-widget-text-editor\" data-id=\"b3a583a\" data-element_type=\"widget\" data-e-type=\"widget\" data-widget_type=\"text-editor.default\">\n\t\t\t\t\t\t\t\t\t<span class=\"Tel01Hp\">Book now at<\/span><br>\n\n<span class=\"Tel03Hp\">+33 5 34 65 10 95<\/span>\t\t\t\t\t\t\t\t<\/div>\n\t\t\t\t<\/div>\n\t\t<div class=\"elementor-element elementor-element-db20b68 e-con-full e-flex e-con e-child\" data-id=\"db20b68\" data-element_type=\"container\" data-e-type=\"container\">\n\t\t\t\t<div class=\"elementor-element elementor-element-b79c2cb elementor-view-default elementor-widget elementor-widget-icon\" data-id=\"b79c2cb\" data-element_type=\"widget\" data-e-type=\"widget\" data-widget_type=\"icon.default\">\n\t\t\t\t\t\t\t<div class=\"elementor-icon-wrapper\">\n\t\t\t<div class=\"elementor-icon\">\n\t\t\t<svg xmlns=\"http:\/\/www.w3.org\/2000\/svg\" width=\"36\" height=\"50\" viewbox=\"0 0 36 50\" fill=\"none\"><path d=\"M18.0001 4.76196C10.0597 4.76196 3.6001 11.1834 3.6001 19.0739C3.6001 30.8917 17.0413 42.2393 17.6137 42.7167C17.7253 42.8108 17.8633 42.8572 18.0001 42.8572C18.1357 42.8572 18.2713 42.812 18.3817 42.7215C18.9541 42.2524 32.4001 31.1001 32.4001 19.0739C32.4001 11.1834 25.9405 4.76196 18.0001 4.76196ZM18.0025 41.4739C15.7933 39.5155 4.8001 29.2608 4.8001 19.0739C4.8001 11.8382 10.7221 5.95244 18.0001 5.95244C25.2781 5.95244 31.2001 11.8382 31.2001 19.0739C31.2001 29.4334 20.2177 39.5417 18.0025 41.4739Z\" fill=\"white\" stroke=\"white\"><\/path><path d=\"M18.0003 11.9048C14.0295 11.9048 10.8003 15.1084 10.8003 19.0476C10.8003 22.9869 14.0295 26.1905 18.0003 26.1905C21.9711 26.1905 25.2003 22.9869 25.2003 19.0476C25.2003 15.1084 21.9711 11.9048 18.0003 11.9048ZM18.0003 25C14.6919 25 12.0003 22.3298 12.0003 19.0476C12.0003 15.7655 14.6919 13.0953 18.0003 13.0953C21.3087 13.0953 24.0003 15.7655 24.0003 19.0476C24.0003 22.3298 21.3087 25 18.0003 25Z\" fill=\"white\" stroke=\"white\"><\/path><\/svg>\t\t\t<\/div>\n\t\t<\/div>\n\t\t\t\t\t\t<\/div>\n\t\t\t\t<div class=\"elementor-element elementor-element-218f39e elementor-widget elementor-widget-text-editor\" data-id=\"218f39e\" data-element_type=\"widget\" data-e-type=\"widget\" data-widget_type=\"text-editor.default\">\n\t\t\t\t\t\t\t\t\t<p>29 Route de Lavaur\u2028<\/p><p>31240 L&rsquo;Union<\/p>\t\t\t\t\t\t\t\t<\/div>\n\t\t\t\t<\/div>\n\t\t\t\t<\/div>\n\t\t\t\t<\/div>\n\t\t<div class=\"elementor-element elementor-element-0df6a05 e-flex e-con-boxed e-con e-parent\" data-id=\"0df6a05\" data-element_type=\"container\" data-e-type=\"container\">\n\t\t\t\t\t<div class=\"e-con-inner\">\n\t\t\t\t<div class=\"elementor-element elementor-element-8d3c5e6 elementor-widget elementor-widget-heading\" data-id=\"8d3c5e6\" data-element_type=\"widget\" data-e-type=\"widget\" data-widget_type=\"heading.default\">\n\t\t\t\t\t<h2 class=\"elementor-heading-title elementor-size-default\">Un lieu convivial pour une pause D\u00e9jeuner r\u00e9ussie<\/h2>\t\t\t\t<\/div>\n\t\t\t\t<div class=\"elementor-element elementor-element-52a11f8 elementor-widget elementor-widget-text-editor\" data-id=\"52a11f8\" data-element_type=\"widget\" data-e-type=\"widget\" data-widget_type=\"text-editor.default\">\n\t\t\t\t\t\t\t\t\t<p class=\"translation-block\">At Mesdames, we offer <strong>two daily specials every day, made with fresh and locally sourced ingredients.<\/strong> Our cuisine highlights authentic flavors, with a special focus on quality and seasonality. Be sure to make a reservation to secure your table and fully enjoy your meal.<\/p><p>Enjoy fast service, perfect for your weekday lunches, along with excellent value for money to satisfy all cravings. Whether you're in a hurry or prefer to take your time savoring your meal, Mesdames is the perfect spot for a delicious break.<\/p><p class=\"translation-block\">Want to know more about our dishes? <a href=\"\/en\/carte-menus-restaurant-toulouse\/\" target=\"_self\"><strong data-start=\"737\" data-end=\"762\">Check out our menu<\/strong><\/a> and let yourself be tempted by our latest specials.<\/p>\t\t\t\t\t\t\t\t<\/div>\n\t\t\t\t\t<\/div>\n\t\t\t\t<\/div>\n\t\t<div class=\"elementor-element elementor-element-572982b e-con-full e-flex e-con e-parent\" data-id=\"572982b\" data-element_type=\"container\" data-e-type=\"container\" data-settings=\"{&quot;background_background&quot;:&quot;classic&quot;}\">\n\t\t<div class=\"elementor-element elementor-element-7c7e213 e-con-full e-flex e-con e-child\" data-id=\"7c7e213\" data-element_type=\"container\" data-e-type=\"container\">\n\t\t\t\t<div class=\"elementor-element elementor-element-d238911 elementor-widget elementor-widget-image\" data-id=\"d238911\" data-element_type=\"widget\" data-e-type=\"widget\" data-widget_type=\"image.default\">\n\t\t\t\t\t\t\t\t\t\t\t\t\t\t\t<img fetchpriority=\"high\" decoding=\"async\" width=\"800\" height=\"534\" src=\"https:\/\/mesdames-restaurant-lunion.fr\/wp-content\/uploads\/2025\/02\/social-meta-1024x683.webp\" class=\"attachment-large size-large wp-image-1246\" alt=\"Suivez Mesdames Caf\u00e9 sur les r\u00e9seaux sociaux pour une r\u00e9servation votre table au restaurant \u00e0 L&#039;Union\" srcset=\"https:\/\/mesdames-restaurant-lunion.fr\/wp-content\/uploads\/2025\/02\/social-meta-1024x683.webp 1024w, https:\/\/mesdames-restaurant-lunion.fr\/wp-content\/uploads\/2025\/02\/social-meta-300x200.webp 300w, https:\/\/mesdames-restaurant-lunion.fr\/wp-content\/uploads\/2025\/02\/social-meta-768x512.webp 768w, https:\/\/mesdames-restaurant-lunion.fr\/wp-content\/uploads\/2025\/02\/social-meta-18x12.webp 18w, https:\/\/mesdames-restaurant-lunion.fr\/wp-content\/uploads\/2025\/02\/social-meta.webp 1247w\" sizes=\"(max-width: 800px) 100vw, 800px\" \/>\t\t\t\t\t\t\t\t\t\t\t\t\t\t\t<\/div>\n\t\t\t\t<\/div>\n\t\t<div class=\"elementor-element elementor-element-fc4d0cd e-con-full e-flex e-con e-child\" data-id=\"fc4d0cd\" data-element_type=\"container\" data-e-type=\"container\">\n\t\t\t\t<div class=\"elementor-element elementor-element-75cbd2a elementor-widget elementor-widget-heading\" data-id=\"75cbd2a\" data-element_type=\"widget\" data-e-type=\"widget\" data-widget_type=\"heading.default\">\n\t\t\t\t\t<h2 class=\"elementor-heading-title elementor-size-default\">All our news in one click !<\/h2>\t\t\t\t<\/div>\n\t\t\t\t<div class=\"elementor-element elementor-element-5ba0e7a elementor-widget elementor-widget-text-editor\" data-id=\"5ba0e7a\" data-element_type=\"widget\" data-e-type=\"widget\" data-widget_type=\"text-editor.default\">\n\t\t\t\t\t\t\t\t\t<p>Follow us on our social media to stay updated on news, menus, and events.<\/p>\t\t\t\t\t\t\t\t<\/div>\n\t\t<div class=\"elementor-element elementor-element-9547f00 e-con-full e-flex e-con e-child\" data-id=\"9547f00\" data-element_type=\"container\" data-e-type=\"container\">\n\t\t\t\t<div class=\"elementor-element elementor-element-d12e004 icone-contact elementor-view-default elementor-widget elementor-widget-icon\" data-id=\"d12e004\" data-element_type=\"widget\" data-e-type=\"widget\" data-widget_type=\"icon.default\">\n\t\t\t\t\t\t\t<div class=\"elementor-icon-wrapper\">\n\t\t\t<a class=\"elementor-icon elementor-animation-grow\" href=\"https:\/\/www.facebook.com\/MesdamesCafeRestaurant\" target=\"_blank\" aria-label=\"Voir notre page Facebook\">\n\t\t\t<svg xmlns=\"http:\/\/www.w3.org\/2000\/svg\" width=\"33\" height=\"33\" viewbox=\"0 0 33 33\" fill=\"none\"><g clip-path=\"url(#clip0_2040_628)\"><path d=\"M12.0324 7.54251C12.0324 7.37235 12.056 7.00487 12.1033 6.44243C12.1541 5.8788 12.3668 5.28918 12.7484 4.67002C13.1265 4.05322 13.7398 3.49905 14.5929 3.00868C15.4425 2.52068 16.6702 2.2749 18.2724 2.2749H22.7862V7.19393H19.4812C19.1539 7.19393 18.8491 7.31682 18.5737 7.55905C18.3008 7.80128 18.1602 8.03169 18.1602 8.24556V11.3059H22.785C22.7365 11.905 22.6834 12.4875 22.6219 13.05L22.4388 14.5364C22.3655 15.0386 22.2911 15.5042 22.2178 15.9331H18.1271V29.5712H12.0324V15.9319H9.05945V11.3059H12.0324V7.54251Z\" fill=\"#337568\"><\/path><\/g><defs><clippath id=\"clip0_2040_628\"><rect width=\"27.2963\" height=\"27.2963\" fill=\"white\" transform=\"translate(2.27466 2.2749)\"><\/rect><\/clippath><\/defs><\/svg>\t\t\t<\/a>\n\t\t<\/div>\n\t\t\t\t\t\t<\/div>\n\t\t\t\t<div class=\"elementor-element elementor-element-a0dec08 icone-contact elementor-view-default elementor-widget elementor-widget-icon\" data-id=\"a0dec08\" data-element_type=\"widget\" data-e-type=\"widget\" data-widget_type=\"icon.default\">\n\t\t\t\t\t\t\t<div class=\"elementor-icon-wrapper\">\n\t\t\t<a class=\"elementor-icon elementor-animation-grow\" href=\"https:\/\/www.instagram.com\/mesdames_cafe_restaurant\" target=\"_blank\" aria-label=\"Voir le compte Insta Mesdames sur Instagram\">\n\t\t\t<svg xmlns=\"http:\/\/www.w3.org\/2000\/svg\" width=\"32\" height=\"31\" viewbox=\"0 0 32 31\" fill=\"none\"><path d=\"M10.6667 3.875C6.99067 3.875 4 6.77221 4 10.3333V20.6667C4 24.2278 6.99067 27.125 10.6667 27.125H21.3333C25.0093 27.125 28 24.2278 28 20.6667V10.3333C28 6.77221 25.0093 3.875 21.3333 3.875H10.6667ZM10.6667 6.45833H21.3333C23.5387 6.45833 25.3333 8.19692 25.3333 10.3333V20.6667C25.3333 22.8031 23.5387 24.5417 21.3333 24.5417H10.6667C8.46133 24.5417 6.66667 22.8031 6.66667 20.6667V10.3333C6.66667 8.19692 8.46133 6.45833 10.6667 6.45833ZM22.6667 7.75C22.313 7.75 21.9739 7.88609 21.7239 8.12832C21.4738 8.37055 21.3333 8.6991 21.3333 9.04167C21.3333 9.38424 21.4738 9.71278 21.7239 9.95501C21.9739 10.1972 22.313 10.3333 22.6667 10.3333C23.0203 10.3333 23.3594 10.1972 23.6095 9.95501C23.8595 9.71278 24 9.38424 24 9.04167C24 8.6991 23.8595 8.37055 23.6095 8.12832C23.3594 7.88609 23.0203 7.75 22.6667 7.75ZM16 9.04167C12.324 9.04167 9.33333 11.9389 9.33333 15.5C9.33333 19.0611 12.324 21.9583 16 21.9583C19.676 21.9583 22.6667 19.0611 22.6667 15.5C22.6667 11.9389 19.676 9.04167 16 9.04167ZM16 11.625C18.2053 11.625 20 13.3636 20 15.5C20 17.6364 18.2053 19.375 16 19.375C13.7947 19.375 12 17.6364 12 15.5C12 13.3636 13.7947 11.625 16 11.625Z\" fill=\"#337568\"><\/path><\/svg>\t\t\t<\/a>\n\t\t<\/div>\n\t\t\t\t\t\t<\/div>\n\t\t\t\t<\/div>\n\t\t\t\t<\/div>\n\t\t\t\t<\/div>\n\t\t\t\t<\/div>","protected":false},"excerpt":{"rendered":"<p>Contact Nous contacter Pour votre r\u00e9servation, appelez-nous directement. Nous sommes \u00e0 votre \u00e9coute pour toute question ou demande particuli\u00e8re. R\u00e9servez d\u00e8s maintenant au +33 5 34 65 10 95 29 Route de Lavaur\u2028 31240 L&rsquo;Union Un lieu convivial pour une pause D\u00e9jeuner r\u00e9ussie Chez Mesdames, nous vous proposons chaque jour deux plats du jour \u00e9labor\u00e9s [&hellip;]<\/p>\n","protected":false},"author":1,"featured_media":0,"parent":0,"menu_order":0,"comment_status":"closed","ping_status":"closed","template":"elementor_header_footer","meta":{"footnotes":""},"class_list":["post-69","page","type-page","status-publish","hentry"],"yoast_head":"<!-- This site is optimized with the Yoast SEO plugin v27.4 - https:\/\/yoast.com\/product\/yoast-seo-wordpress\/ -->\n<title>R\u00e9servation Restaurant Chez Mesdames \u00e0 L&#039;Union - Toulouse<\/title>\n<meta name=\"description\" content=\"R\u00e9servez votre table chez Mesdames, restaurant \u00e0 L&#039;Union. Plats locaux et service rapide. Appelez-nous pour toute r\u00e9servation\" \/>\n<meta name=\"robots\" content=\"index, follow, max-snippet:-1, max-image-preview:large, max-video-preview:-1\" \/>\n<link rel=\"canonical\" href=\"https:\/\/mesdames-restaurant-lunion.fr\/en\/reservation-restaurant-lunion\/\" \/>\n<meta property=\"og:locale\" content=\"en_US\" \/>\n<meta property=\"og:type\" content=\"article\" \/>\n<meta property=\"og:title\" content=\"R\u00e9servation Restaurant Chez Mesdames \u00e0 L&#039;Union - Toulouse\" \/>\n<meta property=\"og:description\" content=\"R\u00e9servez votre table chez Mesdames, restaurant \u00e0 L&#039;Union. Plats locaux et service rapide. Appelez-nous pour toute r\u00e9servation\" \/>\n<meta property=\"og:url\" content=\"https:\/\/mesdames-restaurant-lunion.fr\/en\/reservation-restaurant-lunion\/\" \/>\n<meta property=\"og:site_name\" content=\"Mesdames\" \/>\n<meta property=\"article:modified_time\" content=\"2025-02-26T15:56:31+00:00\" \/>\n<meta property=\"og:image\" content=\"https:\/\/mesdames-restaurant-lunion.fr\/wp-content\/uploads\/2025\/02\/social-meta.webp\" \/>\n\t<meta property=\"og:image:width\" content=\"1247\" \/>\n\t<meta property=\"og:image:height\" content=\"832\" \/>\n\t<meta property=\"og:image:type\" content=\"image\/webp\" \/>\n<meta name=\"twitter:card\" content=\"summary_large_image\" \/>\n<meta name=\"twitter:label1\" content=\"Est. reading time\" \/>\n\t<meta name=\"twitter:data1\" content=\"2 minutes\" \/>\n<script type=\"application\/ld+json\" class=\"yoast-schema-graph\">{\"@context\":\"https:\\\/\\\/schema.org\",\"@graph\":[{\"@type\":\"WebPage\",\"@id\":\"https:\\\/\\\/mesdames-restaurant-lunion.fr\\\/reservation-restaurant-lunion\\\/\",\"url\":\"https:\\\/\\\/mesdames-restaurant-lunion.fr\\\/reservation-restaurant-lunion\\\/\",\"name\":\"R\u00e9servation Restaurant Chez Mesdames \u00e0 L'Union - Toulouse\",\"isPartOf\":{\"@id\":\"https:\\\/\\\/mesdames-restaurant-lunion.fr\\\/#website\"},\"primaryImageOfPage\":{\"@id\":\"https:\\\/\\\/mesdames-restaurant-lunion.fr\\\/reservation-restaurant-lunion\\\/#primaryimage\"},\"image\":{\"@id\":\"https:\\\/\\\/mesdames-restaurant-lunion.fr\\\/reservation-restaurant-lunion\\\/#primaryimage\"},\"thumbnailUrl\":\"https:\\\/\\\/mesdames-restaurant-lunion.fr\\\/wp-content\\\/uploads\\\/2025\\\/02\\\/social-meta-1024x683.webp\",\"datePublished\":\"2025-02-11T14:26:32+00:00\",\"dateModified\":\"2025-02-26T15:56:31+00:00\",\"description\":\"R\u00e9servez votre table chez Mesdames, restaurant \u00e0 L'Union. Plats locaux et service rapide. Appelez-nous pour toute r\u00e9servation\",\"breadcrumb\":{\"@id\":\"https:\\\/\\\/mesdames-restaurant-lunion.fr\\\/reservation-restaurant-lunion\\\/#breadcrumb\"},\"inLanguage\":\"en-US\",\"potentialAction\":[{\"@type\":\"ReadAction\",\"target\":[\"https:\\\/\\\/mesdames-restaurant-lunion.fr\\\/reservation-restaurant-lunion\\\/\"]}]},{\"@type\":\"ImageObject\",\"inLanguage\":\"en-US\",\"@id\":\"https:\\\/\\\/mesdames-restaurant-lunion.fr\\\/reservation-restaurant-lunion\\\/#primaryimage\",\"url\":\"https:\\\/\\\/mesdames-restaurant-lunion.fr\\\/wp-content\\\/uploads\\\/2025\\\/02\\\/social-meta-1024x683.webp\",\"contentUrl\":\"https:\\\/\\\/mesdames-restaurant-lunion.fr\\\/wp-content\\\/uploads\\\/2025\\\/02\\\/social-meta-1024x683.webp\"},{\"@type\":\"BreadcrumbList\",\"@id\":\"https:\\\/\\\/mesdames-restaurant-lunion.fr\\\/reservation-restaurant-lunion\\\/#breadcrumb\",\"itemListElement\":[{\"@type\":\"ListItem\",\"position\":1,\"name\":\"Accueil\",\"item\":\"https:\\\/\\\/mesdames-restaurant-lunion.fr\\\/\"},{\"@type\":\"ListItem\",\"position\":2,\"name\":\"Contact\"}]},{\"@type\":\"WebSite\",\"@id\":\"https:\\\/\\\/mesdames-restaurant-lunion.fr\\\/#website\",\"url\":\"https:\\\/\\\/mesdames-restaurant-lunion.fr\\\/\",\"name\":\"Mesdames\",\"description\":\"\",\"publisher\":{\"@id\":\"https:\\\/\\\/mesdames-restaurant-lunion.fr\\\/#organization\"},\"potentialAction\":[{\"@type\":\"SearchAction\",\"target\":{\"@type\":\"EntryPoint\",\"urlTemplate\":\"https:\\\/\\\/mesdames-restaurant-lunion.fr\\\/?s={search_term_string}\"},\"query-input\":{\"@type\":\"PropertyValueSpecification\",\"valueRequired\":true,\"valueName\":\"search_term_string\"}}],\"inLanguage\":\"en-US\"},{\"@type\":\"Organization\",\"@id\":\"https:\\\/\\\/mesdames-restaurant-lunion.fr\\\/#organization\",\"name\":\"Mesdames\",\"url\":\"https:\\\/\\\/mesdames-restaurant-lunion.fr\\\/\",\"logo\":{\"@type\":\"ImageObject\",\"inLanguage\":\"en-US\",\"@id\":\"https:\\\/\\\/mesdames-restaurant-lunion.fr\\\/#\\\/schema\\\/logo\\\/image\\\/\",\"url\":\"https:\\\/\\\/mesdames-restaurant-lunion.fr\\\/wp-content\\\/uploads\\\/2025\\\/02\\\/logo-mesdames-restaurant.svg\",\"contentUrl\":\"https:\\\/\\\/mesdames-restaurant-lunion.fr\\\/wp-content\\\/uploads\\\/2025\\\/02\\\/logo-mesdames-restaurant.svg\",\"width\":153,\"height\":117,\"caption\":\"Mesdames\"},\"image\":{\"@id\":\"https:\\\/\\\/mesdames-restaurant-lunion.fr\\\/#\\\/schema\\\/logo\\\/image\\\/\"}}]}<\/script>\n<!-- \/ Yoast SEO plugin. -->","yoast_head_json":{"title":"R\u00e9servation Restaurant Chez Mesdames \u00e0 L'Union - Toulouse","description":"R\u00e9servez votre table chez Mesdames, restaurant \u00e0 L'Union. Plats locaux et service rapide. Appelez-nous pour toute r\u00e9servation","robots":{"index":"index","follow":"follow","max-snippet":"max-snippet:-1","max-image-preview":"max-image-preview:large","max-video-preview":"max-video-preview:-1"},"canonical":"https:\/\/mesdames-restaurant-lunion.fr\/en\/reservation-restaurant-lunion\/","og_locale":"en_US","og_type":"article","og_title":"R\u00e9servation Restaurant Chez Mesdames \u00e0 L'Union - Toulouse","og_description":"R\u00e9servez votre table chez Mesdames, restaurant \u00e0 L'Union. Plats locaux et service rapide. Appelez-nous pour toute r\u00e9servation","og_url":"https:\/\/mesdames-restaurant-lunion.fr\/en\/reservation-restaurant-lunion\/","og_site_name":"Mesdames","article_modified_time":"2025-02-26T15:56:31+00:00","og_image":[{"width":1247,"height":832,"url":"https:\/\/mesdames-restaurant-lunion.fr\/wp-content\/uploads\/2025\/02\/social-meta.webp","type":"image\/webp"}],"twitter_card":"summary_large_image","twitter_misc":{"Est. reading time":"2 minutes"},"schema":{"@context":"https:\/\/schema.org","@graph":[{"@type":"WebPage","@id":"https:\/\/mesdames-restaurant-lunion.fr\/reservation-restaurant-lunion\/","url":"https:\/\/mesdames-restaurant-lunion.fr\/reservation-restaurant-lunion\/","name":"R\u00e9servation Restaurant Chez Mesdames \u00e0 L'Union - Toulouse","isPartOf":{"@id":"https:\/\/mesdames-restaurant-lunion.fr\/#website"},"primaryImageOfPage":{"@id":"https:\/\/mesdames-restaurant-lunion.fr\/reservation-restaurant-lunion\/#primaryimage"},"image":{"@id":"https:\/\/mesdames-restaurant-lunion.fr\/reservation-restaurant-lunion\/#primaryimage"},"thumbnailUrl":"https:\/\/mesdames-restaurant-lunion.fr\/wp-content\/uploads\/2025\/02\/social-meta-1024x683.webp","datePublished":"2025-02-11T14:26:32+00:00","dateModified":"2025-02-26T15:56:31+00:00","description":"R\u00e9servez votre table chez Mesdames, restaurant \u00e0 L'Union. Plats locaux et service rapide. Appelez-nous pour toute r\u00e9servation","breadcrumb":{"@id":"https:\/\/mesdames-restaurant-lunion.fr\/reservation-restaurant-lunion\/#breadcrumb"},"inLanguage":"en-US","potentialAction":[{"@type":"ReadAction","target":["https:\/\/mesdames-restaurant-lunion.fr\/reservation-restaurant-lunion\/"]}]},{"@type":"ImageObject","inLanguage":"en-US","@id":"https:\/\/mesdames-restaurant-lunion.fr\/reservation-restaurant-lunion\/#primaryimage","url":"https:\/\/mesdames-restaurant-lunion.fr\/wp-content\/uploads\/2025\/02\/social-meta-1024x683.webp","contentUrl":"https:\/\/mesdames-restaurant-lunion.fr\/wp-content\/uploads\/2025\/02\/social-meta-1024x683.webp"},{"@type":"BreadcrumbList","@id":"https:\/\/mesdames-restaurant-lunion.fr\/reservation-restaurant-lunion\/#breadcrumb","itemListElement":[{"@type":"ListItem","position":1,"name":"Accueil","item":"https:\/\/mesdames-restaurant-lunion.fr\/"},{"@type":"ListItem","position":2,"name":"Contact"}]},{"@type":"WebSite","@id":"https:\/\/mesdames-restaurant-lunion.fr\/#website","url":"https:\/\/mesdames-restaurant-lunion.fr\/","name":"Mesdames","description":"","publisher":{"@id":"https:\/\/mesdames-restaurant-lunion.fr\/#organization"},"potentialAction":[{"@type":"SearchAction","target":{"@type":"EntryPoint","urlTemplate":"https:\/\/mesdames-restaurant-lunion.fr\/?s={search_term_string}"},"query-input":{"@type":"PropertyValueSpecification","valueRequired":true,"valueName":"search_term_string"}}],"inLanguage":"en-US"},{"@type":"Organization","@id":"https:\/\/mesdames-restaurant-lunion.fr\/#organization","name":"Mesdames","url":"https:\/\/mesdames-restaurant-lunion.fr\/","logo":{"@type":"ImageObject","inLanguage":"en-US","@id":"https:\/\/mesdames-restaurant-lunion.fr\/#\/schema\/logo\/image\/","url":"https:\/\/mesdames-restaurant-lunion.fr\/wp-content\/uploads\/2025\/02\/logo-mesdames-restaurant.svg","contentUrl":"https:\/\/mesdames-restaurant-lunion.fr\/wp-content\/uploads\/2025\/02\/logo-mesdames-restaurant.svg","width":153,"height":117,"caption":"Mesdames"},"image":{"@id":"https:\/\/mesdames-restaurant-lunion.fr\/#\/schema\/logo\/image\/"}}]}},"_links":{"self":[{"href":"https:\/\/mesdames-restaurant-lunion.fr\/en\/wp-json\/wp\/v2\/pages\/69","targetHints":{"allow":["GET"]}}],"collection":[{"href":"https:\/\/mesdames-restaurant-lunion.fr\/en\/wp-json\/wp\/v2\/pages"}],"about":[{"href":"https:\/\/mesdames-restaurant-lunion.fr\/en\/wp-json\/wp\/v2\/types\/page"}],"author":[{"embeddable":true,"href":"https:\/\/mesdames-restaurant-lunion.fr\/en\/wp-json\/wp\/v2\/users\/1"}],"replies":[{"embeddable":true,"href":"https:\/\/mesdames-restaurant-lunion.fr\/en\/wp-json\/wp\/v2\/comments?post=69"}],"version-history":[{"count":76,"href":"https:\/\/mesdames-restaurant-lunion.fr\/en\/wp-json\/wp\/v2\/pages\/69\/revisions"}],"predecessor-version":[{"id":1660,"href":"https:\/\/mesdames-restaurant-lunion.fr\/en\/wp-json\/wp\/v2\/pages\/69\/revisions\/1660"}],"wp:attachment":[{"href":"https:\/\/mesdames-restaurant-lunion.fr\/en\/wp-json\/wp\/v2\/media?parent=69"}],"curies":[{"name":"wp","href":"https:\/\/api.w.org\/{rel}","templated":true}]}}